{"id":114,"date":"2018-08-26T13:08:27","date_gmt":"2018-08-26T12:08:27","guid":{"rendered":"http:\/\/voiron.wiesecke.de\/?page_id=114"},"modified":"2024-10-06T13:00:35","modified_gmt":"2024-10-06T12:00:35","slug":"ueber-uns-kontakt","status":"publish","type":"page","link":"https:\/\/www.herford-voiron.de\/fr\/","title":{"rendered":"De nous &#038; contacter"},"content":{"rendered":"<ul>\n<li>Nous sommes l&rsquo;association partenariale entre le Kreis d&rsquo;Herford et Voiron. Chaque ann\u00e9e nous organisons une visite d&rsquo;un groupe fran\u00e7ais dans le Kreis de Herford (ann\u00e9es paires) ou une visite d&rsquo;un groupe du Kreis de Herford \u00e0 Voiron (ann\u00e9es impaires). Selon nos statuts, l&rsquo;association \u00ab Amiti\u00e9 Voiron &#8211; Herford \u00bb \u00e0 Voiron est notre partenaire d&rsquo;\u00e9change<\/li>\n<li>De plus, nous nous r\u00e9unissons r\u00e9guli\u00e8rement pour planifier des r\u00e9unions ou des excursions, environ 10 fois par an<\/li>\n<li>Notre club compte 25 membres. Nous sommes toujours ouverts \u00e0 de nouveaux membres et accueillons de nouveaux visages<\/li>\n<\/ul>\n<p>Si vous souhaitez nous contacter, le <a href=\"http:\/\/www.herford-voiron.de\/fr\/vorstand\/\">Bureau<\/a> se fera un plaisir de vous aider.<\/p>\n","protected":false},"excerpt":{"rendered":"<p>Nous sommes l&rsquo;association partenariale entre le Kreis d&rsquo;Herford et Voiron. Chaque ann\u00e9e [&hellip;]<\/p>\n","protected":false},"author":1,"featured_media":0,"parent":0,"menu_order":0,"comment_status":"closed","ping_status":"closed","template":"","meta":{"footnotes":""},"class_list":["post-114","page","type-page","status-publish","hentry"],"translation":{"provider":"WPGlobus","version":"3.0.2","language":"fr","enabled_languages":["de","fr","en"],"languages":{"de":{"title":true,"content":true,"excerpt":false},"fr":{"title":true,"content":true,"excerpt":false},"en":{"title":true,"content":true,"excerpt":false}}},"_links":{"self":[{"href":"https:\/\/www.herford-voiron.de\/fr\/wp-json\/wp\/v2\/pages\/114","targetHints":{"allow":["GET"]}}],"collection":[{"href":"https:\/\/www.herford-voiron.de\/fr\/wp-json\/wp\/v2\/pages"}],"about":[{"href":"https:\/\/www.herford-voiron.de\/fr\/wp-json\/wp\/v2\/types\/page"}],"author":[{"embeddable":true,"href":"https:\/\/www.herford-voiron.de\/fr\/wp-json\/wp\/v2\/users\/1"}],"replies":[{"embeddable":true,"href":"https:\/\/www.herford-voiron.de\/fr\/wp-json\/wp\/v2\/comments?post=114"}],"version-history":[{"count":13,"href":"https:\/\/www.herford-voiron.de\/fr\/wp-json\/wp\/v2\/pages\/114\/revisions"}],"predecessor-version":[{"id":396,"href":"https:\/\/www.herford-voiron.de\/fr\/wp-json\/wp\/v2\/pages\/114\/revisions\/396"}],"wp:attachment":[{"href":"https:\/\/www.herford-voiron.de\/fr\/wp-json\/wp\/v2\/media?parent=114"}],"curies":[{"name":"wp","href":"https:\/\/api.w.org\/{rel}","templated":true}]}}