{"id":51,"date":"2018-08-25T13:37:40","date_gmt":"2018-08-25T12:37:40","guid":{"rendered":"http:\/\/voiron.wiesecke.de\/?page_id=51"},"modified":"2018-08-25T19:52:01","modified_gmt":"2018-08-25T18:52:01","slug":"satzung","status":"publish","type":"page","link":"https:\/\/www.herford-voiron.de\/fr\/unterstuetzen\/satzung\/","title":{"rendered":"Satzung"},"content":{"rendered":"<table  align=\"center\" cellspacing=\"1\" cellpadding=\"10\" border=\"0\" bgcolor=\"#FFF0F0\">\n<tr>\n<th>Vereinssatzung (\u00dcbersicht)<\/p>\n<tr>\n<td><a href=\"#anker1\" onmouseover=\"window.status='\u00a7 1: Name und Sitz des Vereins'; return true\" onmouseout=\"window.status=''; return true\">\u00a7 1: Name und Sitz des Vereins<\/a><\/td>\n<\/tr>\n<tr>\n<td><a href=\"#anker2\" onmouseover=\"window.status='\u00a7 2: Zweck und Gemeinn\u00fctzigkeit des Vereins'; return true\" onmouseout=\"window.status=''; return true\">\u00a7 2: Zweck und Gemeinn\u00fctzigkeit des Vereins<\/a><\/td>\n<\/tr>\n<tr>\n<td><a href=\"#anker3\" onmouseover=\"window.status='\u00a7 3: Gesch\u00e4ftsjahr'; return true\" onmouseout=\"window.status=''; return true\">\u00a7 3: Gesch\u00e4ftsjahr<\/a><\/td>\n<\/tr>\n<tr>\n<td><a href=\"#anker4\" onmouseover=\"window.status='\u00a7 4: Mitgliedschaft'; return true\" onmouseout=\"window.status=''; return true\">\u00a7 4: Mitgliedschaft<\/a><\/td>\n<\/tr>\n<tr>\n<td><a href=\"#anker5\" onmouseover=\"window.status='\u00a7 5: Beitr\u00e4ge'; return true\" onmouseout=\"window.status=''; return true\">\u00a7 5: Beitr\u00e4ge<\/a><\/td>\n<\/tr>\n<tr>\n<td><a href=\"#anker6\" onmouseover=\"window.status='\u00a7 6: Beendigung der Mitgliedschaft'; return true\" onmouseout=\"window.status=''; return true\">\u00a7 6: Beendigung der Mitgliedschaft<\/a><\/td>\n<\/tr>\n<tr>\n<td ><a href=\"#anker7\" onmouseover=\"window.status='\u00a7 7: Mitgliederversammlung'; return true\" onmouseout=\"window.status=''; return true\">\u00a7 7: Mitgliederversammlung<\/a><\/td>\n<\/tr>\n<tr>\n<td><a href=\"#anker8\" onmouseover=\"window.status='\u00a7 8: Abstimmungen, Dokumentation'; return true\" onmouseout=\"window.status=''; return true\">\u00a7 8: Abstimmungen, Dokumentation<\/a><\/td>\n<\/tr>\n<tr>\n<td><a href=\"#anker9\" onmouseover=\"window.status='\u00a7 9: Vorstand'; return true\" onmouseout=\"window.status=''; return true\">\u00a7 9: Vorstand<\/a><\/td>\n<\/tr>\n<tr>\n<td><a href=\"#anker10\" onmouseover=\"window.status='\u00a7 10: Kassenpr\u00fcfer'; return true\" onmouseout=\"window.status=''; return true\">\u00a7 10: Kassenpr\u00fcfer<\/a><\/td>\n<\/tr>\n<tr>\n<td><a href=\"#anker11\" onmouseover=\"window.status='\u00a7 11: Haftung'; return true\" onmouseout=\"window.status=''; return true\">\u00a7 11: Haftung<\/a><\/td>\n<\/tr>\n<tr>\n<td><a href=\"#anker12\" onmouseover=\"window.status='\u00a7 12: Satzungs\u00e4nderungen, Aufl\u00f6sung des Vereins'; return true\" onmouseout=\"window.status=''; return true\">\u00a7 12: Satzungs\u00e4nderungen, Aufl\u00f6sung des Vereins<\/a><\/td>\n<\/tr>\n<tr>\n<td><a href=\"#anker13\" onmouseover=\"window.status='\u00a7 13: Satzungs\u00e4nderung aus zwingenden Gr\u00fcnden'; return true\" onmouseout=\"window.status=''; return true\">\u00a7 13: Satzungs\u00e4nderung aus zwingenden Gr\u00fcnden<\/a><\/td>\n<\/tr>\n<tr>\n<td><a href=\"#anker14\" onmouseover=\"window.status='\u00a7 14: Inkrafttreten'; return true\" onmouseout=\"window.status=''; return true\">\u00a7 14: Inkrafttreten<\/a><\/td>\n<\/tr>\n<\/table>\n<table align=\"center\" cellspacing=\"1\" cellpadding=\"10\" border=\"1\" bordercolor=\"white\" bgcolor=\"#FFF0F0\" >\n<tr>\n          <TD align=center> <b>Vereinssatzung<\/b><\/TD><\/TR><br \/>\n       <TD align=center>\u00a0<\/TD><\/TR><br \/>\n <TH align=center><a name=\"anker1\">\u00a7 1: Name und Sitz des Vereins<\/a><\/TH><\/TR><br \/>\n <TD>Der Herforder Freundeskreis Kreis Herford &#8211; Voiron gibt sich die nachfolgende Satzung f\u00fcr den Vollzug der Vereinst\u00e4tigkeit.<br \/>\nDer Verein tr\u00e4gt den Namen <br \/>\n<b>Verein der Freunde Kreis Herford &#8211; Voiron e.V.<\/b><br \/>\nSitz des Vereins ist Herford.<br \/>\n<\/TD><\/TR><br \/>\n <TD align=right><a href=\"#top\" onmouseover=\"window.status='zur\u00fcck nach oben'; return true\" onmouseout=\"window.status=''; return true\">zur\u00fcck nach oben<\/a><\/TD><\/TR><br \/>\n <TH align=center><a name=\"anker2\">\u00a7 2: Zweck und Gemeinn\u00fctzigkeit des Vereins<\/a><\/TH><\/TR><br \/>\n <TD >Der Verein verfolgt ausschlie\u00dflich und unmittelbar gemeinn\u00fctzige Zwecke im Sinne der Gemeinn\u00fctzigkeitsverordnung der Abgabenordnung.<br \/>\nZweck des Vereins ist<\/p>\n<ol>\n<li>\ndie F\u00f6rderung privater Kontakte der B\u00fcrger des Kreises Herford mit den Einwohnern der Partnerstadt Voiron zur Verwirklichung der deutsch-franz\u00f6sischen Freundschaft,<\/p>\n<li>\ndie F\u00f6rderung eines nachhaltigen gemeinsamen Bem\u00fchens, sich gegenseitig in die eigene Kultur, den Alltag und die Sprache einzuf\u00fchren.\n<\/ol>\n<p>Der Vereinszweck wird verwirklicht durch regelm\u00e4\u00dfige Zusammenk\u00fcnfte der Mitglieder und regelm\u00e4\u00dfige, meist einw\u00f6chige Treffen der Mitglieder mit den Mitgliedern des Vereins \u00ab\u00a0Amiti\u00e9 Voiron &#8211; Herford\u00a0\u00bb aus Voiron, abwechselnd in Herford und in Voiron. Die Treffen dienen der Bildung pers\u00f6nlicher Freundschaften und dem Kennenlernen der Lebensumst\u00e4nde in der Region, in der die Mitglieder des Partnervereins leben.<br \/>\nDer Verein ist selbstlos t\u00e4tig; er verfolgt nicht in erster Linie eigenwirtschaftliche Zwecke.<br \/>\nMittel des Vereins d\u00fcrfen nur f\u00fcr die satzungsgem\u00e4\u00dfen Zwecke verwendet werden. Die Mitglieder erhalten keine Zuwendungen aus Mitteln des Vereins.<br \/>\nBei Aufl\u00f6sung des Vereins oder bei Fortfall seines bisherigen Zweckes f\u00e4llt das Verm\u00f6gen an den Kreis Herford, der es unmittelbar und ausschlie\u00dflich f\u00fcr gemeinn\u00fctzige Zwecke der offiziellen Partnerschaft mit der Stadt Voiron zu verwenden hat.<\/p>\n<p><\/TD><\/TR><br \/>\n <TD align=right><a href=\"#top\" onmouseover=\"window.status='zur\u00fcck nach oben'; return true\" onmouseout=\"window.status=''; return true\">zur\u00fcck nach oben<\/a><\/TD><\/TR><br \/>\n <TH align=center><a name=\"anker3\">\u00a7 3: Gesch\u00e4ftsjahr<\/a><\/TH><\/TR><br \/>\n <TD>Das Gesch\u00e4ftsjahr des Vereins ist das Kalenderjahr<\/TD><\/TR><br \/>\n <TD align=right><a href=\"#top\" onmouseover=\"window.status='zur\u00fcck nach oben'; return true\" onmouseout=\"window.status=''; return true\">zur\u00fcck nach oben<\/a><\/TD><\/TD><\/TR><br \/>\n<TH align=center><a name=\"anker4\">\u00a7 4: Mitgliedschaft<\/a><\/TH><\/TR><br \/>\n<TD>Mitglied des Vereins kann jeder werden, der Interesse an Vertiefung der deutsch-franz\u00f6sischen Freundschaft hat und die Satzung anerkennt. Die Aufnahme ist schriftlich beim Vorstand zu beantragen. Die Mitgliedschaftsrechte einschlie\u00dflich Stimmrecht k\u00f6nnen nur pers\u00f6nlich ausge\u00fcbt werden.<br \/>\nLangj\u00e4hrige Mitglieder oder Personen, die sich in besonderer Weise um den Vereinszweck verdient gemacht haben, k\u00f6nnen auf Vorschlag des Vorstandes von der Mitgliederversammlung zu Ehrenmitgliedern ernannt werden.<br \/>\n<\/TD><\/TR><br \/>\n<TD align=right><a href=\"#top\" onmouseover=\"window.status='zur\u00fcck nach oben'; return true\" onmouseout=\"window.status=''; return true\">zur\u00fcck nach oben<\/a><\/TD><\/TR><br \/>\n<TH align=center><a name=\"anker5\">\u00a7 5: Beitr\u00e4ge<\/a><\/TH><\/TR><br \/>\n<TD >Die Mitglieder sind verpflichtet, jeweils bis zum 31. M\u00e4rz einen Jahresbeitrag zu zahlen. Zus\u00e4tzlich kann die Mitgliederversammlung beschlie\u00dfen, da\u00df eine Aufnahmegeb\u00fchr und Sonderbeitr\u00e4ge (Umlagen) erhoben werden.<br \/>\nDie H\u00f6he der Beitr\u00e4ge wird von der Mitgliederversammlung mit Wirkung f\u00fcr die n\u00e4chste Wahlperiode festgesetzt.<br \/>\nEhrenmitglieder sind von der Zahlung befreit.<br \/>\n<\/TD><\/TR><br \/>\n<TD align=right><a href=\"#top\" onmouseover=\"window.status='zur\u00fcck nach oben'; return true\" onmouseout=\"window.status=''; return true\">zur\u00fcck nach oben<\/a><\/TD><\/TR><br \/>\n<TH align=center><a name=\"anker6\">\u00a7 6: Beendigung der Mitgliedschaft<\/a><\/TH><\/TR><br \/>\n<TD>Die Mitgliedschaft endet durch Tod, Austritt oder Ausschlu\u00df.<br \/>\nDer Austritt ist nur zum Schlu\u00df eines Kalenderjahres m\u00f6glich und sp\u00e4testens bis zum 30. Juni schriftlich gegen\u00fcber dem Vorstand zu erkl\u00e4ren.<br \/>\nDer Ausschlu\u00df ist zul\u00e4ssig bei wiederholten Verst\u00f6\u00dfen gegen die Interessen des Vereins, insbesondere bei erheblich vereinsch\u00e4digendem Verhalten oder Beitragsr\u00fcckst\u00e4nden von mehr als einem Jahresbeitrag trotz Mahnung.<br \/>\nAustritt und Ausschlu\u00df haben keinen Einflu\u00df auf die Verpflichtung zur Zahlung f\u00e4lliger Beitr\u00e4ge und Umlagen.<br \/>\n<\/TD><\/TR><br \/>\n<TD align=right><a href=\"#top\" onmouseover=\"window.status='zur\u00fcck nach oben'; return true\" onmouseout=\"window.status=''; return true\">zur\u00fcck nach oben<\/a><\/TD><\/TR><br \/>\n<TH align=center><a name=\"anker7\">\u00a7 7: Mitgliederversammlung<\/a><\/TH><\/TR><br \/>\n<TD>Die Mitgliederversammlung ist das oberste Organ des Vereins. Sie bestimmt die Richtlinien der Vereinsarbeit und ist insbesondere zust\u00e4ndig f\u00fcr<\/p>\n<ul>\n<li>Wahl und Entlastung des Vorstandes,\n<li>Festsetzung der Jahresbeitr\u00e4ge, einer etwaigen Aufnahmegeb\u00fchr und etwaiger Umlagen,\n<li>Satzungs\u00e4nderungen,\n<li>Aufl\u00f6sung des Vereins,\n<li>Entscheidungen \u00fcber wichtige Angelegenheiten, die der Vorstand der Mitgliederversammlung vorlegt.\n<p>Die Mitgliederversammlung findet statt<\/p>\n<li>als Jahreshauptversammlung alle 2 Jahre im ersten Quartal eines Kalenderjahres,\n<li>wenn es der Vorstand im Vereinsinteresse f\u00fcr erforderlich h\u00e4lt,\n<li>wenn \u00bc der stimmberechtigten Mitglieder dies schriftlich und unter Angabe von Zweck und Gr\u00fcnden verlangt.<\/ul>\n<p>\nDie Mitgliederversammlung wird vom Vorstand schriftlich mit einer Frist von 2 Wochen und unter Angabe der Tagesordnung einberufen.<br \/>\nDie Einladung kann pers\u00f6nlich ausgeh\u00e4ndigt oder durch die Post \u00fcbersandt werden. Die Frist beginnt mit dem Tage der Aush\u00e4ndigung bzw. Absendung an die letzte dem Vorstand bekanntgegebene Anschrift. Bei Familienmitgliedschaft gen\u00fcgt die Aush\u00e4ndigung bzw. \u00dcbersendung an eines der Mitglieder, soweit diese die gleiche Anschrift haben.<\/p>\n<p>Jede ordnungsgem\u00e4\u00df berufene Mitgliederversammlung ist beschlu\u00dff\u00e4hig ohne R\u00fccksicht auf die Zahl der Erschienenen.<br \/>\n<\/TD><\/TR><br \/>\n<TD align=right><a href=\"#top\" onmouseover=\"window.status='zur\u00fcck nach oben'; return true\" onmouseout=\"window.status=''; return true\">zur\u00fcck nach oben<\/a><\/TD><\/TR><br \/>\n<TH align=center><a name=\"anker8\">\u00a7 8: Abstimmungen, Dokumentation<\/a><\/TH><\/TR><br \/>\n<TD>Au\u00dfer bei Satzungs\u00e4nderungen und Aufl\u00f6sung des Vereins werden Beschl\u00fcsse mit der Mehrheit der abgegebenen Ja- bzw. Nein-Stimmen gefa\u00dft.<br \/> Stimmengleichheit gilt als Ablehnung, bei Wahlen erfolgt Stichwahl.<br \/>\nWahlen erfolgen geheim, es sei denn, alle Erschienenen verzichten darauf. Die \u00fcbrigen Abstimmungen erfolgen durch Handzeichen.<\/p>\n<p>\u00dcber den Verlauf der Versammlung  und die gefa\u00dften Beschl\u00fcsse ist vom Schriftf\u00fchrer, ersatzweise von einem von der Versammlung gew\u00e4hlten Protokollf\u00fchrer eine Niederschrift aufzunehmen, die von ihm und von dem Versammlungsleiter zu unterzeichnen ist.<br \/>\n<\/TD><\/TR><br \/>\n<TD align=right><a href=\"#top\">zur\u00fcck nach oben<\/a><\/TD><\/TR><br \/>\n<TH align=center><a name=\"anker9\">\u00a7 9: Vorstand<\/a><\/TH><\/TR><br \/>\n<TD ><br \/>\nDer Vorstand besteht aus dem Vorsitzenden, stellvertretenden Vorsitzenden, Kassenf\u00fchrer und Schriftf\u00fchrer. Der Vorstand wird von der Mitgliederversammlung auf die Dauer von 2 Jahren gew\u00e4hlt und bleibt bis zur satzungsgem\u00e4\u00dfen Bestellung des n\u00e4chsten Vorstandes im Amt. Wiederwahl ist zul\u00e4ssig. Notwendige Erg\u00e4nzungswahlen erfolgen f\u00fcr den Rest der Amtszeit des jeweiligen Vorstandes.<\/p>\n<p>Der Verein wird durch den 1. Vorsitzenden oder seinem Stellvertreter als gesetzlichen Vertreter gerichtlich und au\u00dfergerichtlich vertreten. Jeder von ihnen ist berechtigt, den Verein allein zu vertreten.<\/p>\n<p>Der Vorstand  kann f\u00fcr einzelne Aufgaben der f\u00fcr einen bestimmten Gesch\u00e4ftskreis besondere Vertreter im Sinne des \u00a7 30 BGB bestellen.<br \/>\n<\/TD><\/TR><br \/>\n<TD align=right><a href=\"#top\" onmouseover=\"window.status='zur\u00fcck nach oben'; return true\" onmouseout=\"window.status=''; return true\">zur\u00fcck nach oben<\/a><\/TD><\/TD><\/TR><br \/>\n<TH align=center><a name=\"anker10\">\u00a7 10: Kassenpr\u00fcfer<\/a><\/TD><\/TR><\/p>\n<tr>\n<TD >Die Mitgliederversammlung w\u00e4hlt mit der Vorstandswahl gleichzeitig 2 Kassenpr\u00fcfer, die nicht dem Vorstand angeh\u00f6ren d\u00fcrfen. Einmalige Wiederwahl eines von ihnen ist zul\u00e4ssig.<\/p>\n<p>Die Kassenpr\u00fcfer nehmen rechtzeitig vor der Hauptversammlung eine Kassenpr\u00fcfung vor, statten der Hauptversammlung einen Pr\u00fcfungsbericht und beantragen bei ordnungsgem\u00e4\u00dfer Kassenf\u00fchrung die Entlastung des Kassenf\u00fchrers.<br \/>\n<\/TD><\/TR><br \/>\n<TD align=right><a href=\"#top\" onmouseover=\"window.status='zur\u00fcck nach oben'; return true\" onmouseout=\"window.status=''; return true\">zur\u00fcck nach oben<\/a><\/TD><\/TD><\/TR><br \/>\n<TH align=center><a name=\"anker11\">\u00a7 11: Haftung<\/a><\/TH><\/TR><br \/>\n<TD >Die Teilnahme an Fahrten, Wanderungen und sonstigen Veranstaltungen des Vereins erfolgt auf eigene Gefahr. Schadenshaftung durch Verein, Vorstand, Wanderf\u00fchrer und sonstige Beauftragte ist ausgeschlossen. Bei Benutzung privater Kraftfahrzeuge f\u00fcr Belange des Vereins entf\u00e4llt die Haftung des Fahrers gegen\u00fcber den Insassen.<\/TD><\/TR><br \/>\n<TD align=right><a href=\"#top\" onmouseover=\"window.status='zur\u00fcck nach oben'; return true\" onmouseout=\"window.status=''; return true\">zur\u00fcck nach oben<\/a><\/TD><\/TD><\/TR><br \/>\n<TH align=center><a name=\"anker12\">\u00a7 12: Satzungs\u00e4nderungen, Aufl\u00f6sung des Vereins<\/a><\/TH><\/TR><br \/>\n<TD >Satzungs\u00e4nderungen k\u00f6nnen nur in einer ordnungsgem\u00e4\u00df einberufenen Mitgliederversammlung der anwesenden stimmberechtigten Mitglieder beschlossen werden. Die beantragten \u00c4nderungen sind der Einladung zur Mitgliederversammlung beizuf\u00fcgen.<\/p>\n<p>Die Aufl\u00f6sung des Vereins kann nur in einer ausschlie\u00dflich zu diesem Zweck einberufenen Mitgliederversammlung mit \u00be Mehrheit der anwesenden stimmberechtigten Mitglieder beschlossen werden. Die Versammlung beschlie\u00dft \u00fcber die Art der Liquidation und die Verwertung des Vereinsverm\u00f6gens unter Beachtung der steuerlichen Vorschriften.<br \/>\n<\/TD><\/TR><br \/>\n<TD align=right><a href=\"#top\" onmouseover=\"window.status='zur\u00fcck nach oben'; return true\" onmouseout=\"window.status=''; return true\">zur\u00fcck nach oben<\/a><\/TD><\/TR><br \/>\n<TH align=center><a name=\"anker13\">\u00a7 13: Satzungs\u00e4nderung aus zwingenden Gr\u00fcnden<\/a><\/TH><\/TR><br \/>\n<TD>Der Vorstand wird erm\u00e4chtigt, diese Satzung insofern zu \u00e4ndern, als seitens der Beh\u00f6rden im Falle der Eintragung in das Vereinsregister Beanstandungen erhoben werden, die die Gemeinn\u00fctzigkeit oder die Eintragungsf\u00e4higkeit des Vereins betreffen.<\/TD><\/TR><br \/>\n<TD align=right><a href=\"#top\" onmouseover=\"window.status='zur\u00fcck nach oben'; return true\" onmouseout=\"window.status=''; return true\">zur\u00fcck nach oben<\/a><\/TD><\/TR><br \/>\n<TH align=center><a name=\"anker14\">\u00a7 14: Inkrafttreten<\/a><\/TH><\/TR><br \/>\n<TD >Diese Satzung tritt mit dem Unterzeichnen der Gr\u00fcndungsmitglieder und der Wahl des Vorstandes in Kraft.<\/TD><\/TR><br \/>\n<TD align=right><a href=\"#top\" onmouseover=\"window.status='zur\u00fcck nach oben'; return true\" onmouseout=\"window.status=''; return true\">zur\u00fcck nach oben<\/a><\/TD><\/TR><br \/>\n<TD>Herford, am 19.Mai 1999<\/TD><\/TR><br \/>\n<TD>Eingetragen beim Amtsgericht Bad Oeynhausen, Vereinsregister-Nr.: 21704<\/TD><\/TR><br \/>\n<\/TABLE><\/p>\n","protected":false},"excerpt":{"rendered":"<p>Vereinssatzung (\u00dcbersicht) \u00a7 1: Name und Sitz des Vereins \u00a7 2: Zweck [&hellip;]<\/p>\n","protected":false},"author":1,"featured_media":0,"parent":27,"menu_order":0,"comment_status":"closed","ping_status":"closed","template":"","meta":{"footnotes":""},"class_list":["post-51","page","type-page","status-publish","hentry"],"translation":{"provider":"WPGlobus","version":"3.0.2","language":"fr","enabled_languages":["de","fr","en"],"languages":{"de":{"title":true,"content":true,"excerpt":false},"fr":{"title":false,"content":false,"excerpt":false},"en":{"title":false,"content":false,"excerpt":false}}},"_links":{"self":[{"href":"https:\/\/www.herford-voiron.de\/fr\/wp-json\/wp\/v2\/pages\/51","targetHints":{"allow":["GET"]}}],"collection":[{"href":"https:\/\/www.herford-voiron.de\/fr\/wp-json\/wp\/v2\/pages"}],"about":[{"href":"https:\/\/www.herford-voiron.de\/fr\/wp-json\/wp\/v2\/types\/page"}],"author":[{"embeddable":true,"href":"https:\/\/www.herford-voiron.de\/fr\/wp-json\/wp\/v2\/users\/1"}],"replies":[{"embeddable":true,"href":"https:\/\/www.herford-voiron.de\/fr\/wp-json\/wp\/v2\/comments?post=51"}],"version-history":[{"count":3,"href":"https:\/\/www.herford-voiron.de\/fr\/wp-json\/wp\/v2\/pages\/51\/revisions"}],"predecessor-version":[{"id":96,"href":"https:\/\/www.herford-voiron.de\/fr\/wp-json\/wp\/v2\/pages\/51\/revisions\/96"}],"up":[{"embeddable":true,"href":"https:\/\/www.herford-voiron.de\/fr\/wp-json\/wp\/v2\/pages\/27"}],"wp:attachment":[{"href":"https:\/\/www.herford-voiron.de\/fr\/wp-json\/wp\/v2\/media?parent=51"}],"curies":[{"name":"wp","href":"https:\/\/api.w.org\/{rel}","templated":true}]}}